{"id":34531,"date":"2025-02-09T00:14:35","date_gmt":"2025-02-08T20:44:35","guid":{"rendered":"https:\/\/sfa-foundry.com\/kalite-yonetimi\/"},"modified":"2025-05-03T12:07:13","modified_gmt":"2025-05-03T07:37:13","slug":"kalite-yonetimi","status":"publish","type":"page","link":"https:\/\/sfa-foundry.com\/tr\/kalite-yonetimi\/","title":{"rendered":"Kalite Y\u00f6netimi"},"content":{"rendered":"\t\t<div data-elementor-type=\"wp-page\" data-elementor-id=\"34531\" class=\"elementor elementor-34531 elementor-30515\" data-elementor-post-type=\"page\">\n\t\t\t\t\r\n\t\t<div class=\"default no-position show_shadow rs-sticky-default elementor-element elementor-element-8690a2d e-flex e-con-boxed e-con e-parent\" data-id=\"8690a2d\" data-element_type=\"container\" data-settings=\"{&quot;background_background&quot;:&quot;classic&quot;}\">\n\t\t\t\t\t<div class=\"e-con-inner\">\n\t\t\r\n\t\t<div class=\"default no-position show_shadow rs-sticky-default elementor-element elementor-element-0aad67d e-con-full e-flex e-con e-child\" data-id=\"0aad67d\" data-element_type=\"container\">\n\t\t\r\n\t\t\t\t<div class=\"elementor-element elementor-element-be5b92e elementor-widget__width-inherit elementor-widget elementor-widget-rs-heading\" data-id=\"be5b92e\" data-element_type=\"widget\" data-widget_type=\"rs-heading.default\">\n\t\t\t\t<div class=\"elementor-widget-container\">\n\t\t\t\t\t\n\t\t<div class=\"prelements-heading style1  \">\n\t\t\t<div class=\"title-inner\">\n\t\t\t\t\t\t\t\t\t<span class=\"sub-text\">\n\t\t\t\t\t\t\t\t\t\t\t\tKalite Y\u00f6netimi\t\t\t\t\t<\/span>\n\t\t\t\t<h2 class=\"title rs-split-text-disable \">Sepahan Foolad Atashgah D\u00f6k\u00fcm Sanayi (SFA)<\/h2>\n\t\t\t<\/div>\n\t\t\t\t\t\t\t<div class=\"description\">\n\t\t\t\t\t<p>\u015eirketin kalite y\u00f6netim sistemi, uluslararas\u0131 kalite standartlar\u0131na uygun olarak organizasyonun t\u00fcm alanlar\u0131nda planlama, organizasyon, y\u00f6nlendirme ve kontrol s\u00fcre\u00e7lerini i\u00e7erir. Bu \u06a9\u06cc\u0641\u06cc\u062a, \u00fcr\u00fcn\u00fcn uluslararas\u0131 standartlara uygun \u00fcretimini sa\u011flamakta ve nihayetinde m\u00fc\u015fteri ihtiya\u00e7lar\u0131n\u0131 kar\u015f\u0131lamaktad\u0131r. Sepahan Steel Atashgah Foundry Company, d\u00f6k\u00fcm \u00fcr\u00fcnlerinin lider \u00fcreticisi olarak kaliteli ve g\u00fcvenilir \u00fcr\u00fcn tedarikini en \u00f6nemli stratejilerinden biri olarak kabul etmektedir. Bu do\u011frultuda, uzman kadro ve g\u00fcncel ekipman kullanarak, uluslararas\u0131 kalite y\u00f6netim sistemlerini uygulayarak ve ge\u00e7erli sertifikalar alarak \u015firket stratejisinin ger\u00e7ekle\u015fmesi i\u00e7in s\u00fcrekli \u00e7aba g\u00f6stermektedir.<\/p>\t\t\t\t<\/div>\n\t\t\t\t\t<\/div>\n\t\t\t\t<\/div>\n\t\t\t\t<\/div>\n\t\t\r\n\t\t\t\t<div class=\"elementor-element elementor-element-5b910cc elementor-icon-list--layout-traditional elementor-list-item-link-full_width elementor-widget elementor-widget-icon-list\" data-id=\"5b910cc\" data-element_type=\"widget\" data-widget_type=\"icon-list.default\">\n\t\t\t\t<div class=\"elementor-widget-container\">\n\t\t\t\t\t\t\t<ul class=\"elementor-icon-list-items\">\n\t\t\t\t\t\t\t<li class=\"elementor-icon-list-item\">\n\t\t\t\t\t\t\t\t\t\t\t<span class=\"elementor-icon-list-icon\">\n\t\t\t\t\t\t\t<svg aria-hidden=\"true\" class=\"e-font-icon-svg e-fas-check-circle\" viewBox=\"0 0 512 512\" xmlns=\"http:\/\/www.w3.org\/2000\/svg\"><path d=\"M504 256c0 136.967-111.033 248-248 248S8 392.967 8 256 119.033 8 256 8s248 111.033 248 248zM227.314 387.314l184-184c6.248-6.248 6.248-16.379 0-22.627l-22.627-22.627c-6.248-6.249-16.379-6.249-22.628 0L216 308.118l-70.059-70.059c-6.248-6.248-16.379-6.248-22.628 0l-22.627 22.627c-6.248 6.248-6.248 16.379 0 22.627l104 104c6.249 6.249 16.379 6.249 22.628.001z\"><\/path><\/svg>\t\t\t\t\t\t<\/span>\n\t\t\t\t\t\t\t\t\t\t<span class=\"elementor-icon-list-text\">Sepahan Steel Atashgah D\u00f6k\u00fcmhanesi \u015eirketi, kalite y\u00f6netim sisteminin etkin bir \u015fekilde uygulanmas\u0131n\u0131 sa\u011flamak amac\u0131yla ISO 9001:2008 belgesini alm\u0131\u015ft\u0131r.<\/span>\n\t\t\t\t\t\t\t\t\t<\/li>\n\t\t\t\t\t\t\t\t<li class=\"elementor-icon-list-item\">\n\t\t\t\t\t\t\t\t\t\t\t<span class=\"elementor-icon-list-icon\">\n\t\t\t\t\t\t\t<svg aria-hidden=\"true\" class=\"e-font-icon-svg e-fas-check-circle\" viewBox=\"0 0 512 512\" xmlns=\"http:\/\/www.w3.org\/2000\/svg\"><path d=\"M504 256c0 136.967-111.033 248-248 248S8 392.967 8 256 119.033 8 256 8s248 111.033 248 248zM227.314 387.314l184-184c6.248-6.248 6.248-16.379 0-22.627l-22.627-22.627c-6.248-6.249-16.379-6.249-22.628 0L216 308.118l-70.059-70.059c-6.248-6.248-16.379-6.248-22.628 0l-22.627 22.627c-6.248 6.248-6.248 16.379 0 22.627l104 104c6.249 6.249 16.379 6.249 22.628.001z\"><\/path><\/svg>\t\t\t\t\t\t<\/span>\n\t\t\t\t\t\t\t\t\t\t<span class=\"elementor-icon-list-text\">Sepahan Steel Atashgah D\u00f6k\u00fcmhanesi \u015eirketi, \u00e7evresel taahh\u00fctlerinin uygulanmas\u0131n\u0131 sa\u011flamak amac\u0131yla ISO 14001:2004 belgesini alm\u0131\u015ft\u0131r.<\/span>\n\t\t\t\t\t\t\t\t\t<\/li>\n\t\t\t\t\t\t\t\t<li class=\"elementor-icon-list-item\">\n\t\t\t\t\t\t\t\t\t\t\t<span class=\"elementor-icon-list-icon\">\n\t\t\t\t\t\t\t<svg aria-hidden=\"true\" class=\"e-font-icon-svg e-fas-check-circle\" viewBox=\"0 0 512 512\" xmlns=\"http:\/\/www.w3.org\/2000\/svg\"><path d=\"M504 256c0 136.967-111.033 248-248 248S8 392.967 8 256 119.033 8 256 8s248 111.033 248 248zM227.314 387.314l184-184c6.248-6.248 6.248-16.379 0-22.627l-22.627-22.627c-6.248-6.249-16.379-6.249-22.628 0L216 308.118l-70.059-70.059c-6.248-6.248-16.379-6.248-22.628 0l-22.627 22.627c-6.248 6.248-6.248 16.379 0 22.627l104 104c6.249 6.249 16.379 6.249 22.628.001z\"><\/path><\/svg>\t\t\t\t\t\t<\/span>\n\t\t\t\t\t\t\t\t\t\t<span class=\"elementor-icon-list-text\">Sepahan Steel Atashgah D\u00f6k\u00fcmhanesi \u015eirketi, \u00fcr\u00fcnlerinin kalitesini test etmek ve m\u00fc\u015fteri gereksinimlerine uygunlu\u011funu sa\u011flamak amac\u0131yla son teknolojiyle donat\u0131lm\u0131\u015f bir laboratuvar birimi kurmu\u015ftur. Ayr\u0131ca \u015firket, ISO 17025:2017 belgesini de alm\u0131\u015ft\u0131r.<\/span>\n\t\t\t\t\t\t\t\t\t<\/li>\n\t\t\t\t\t\t\t\t<li class=\"elementor-icon-list-item\">\n\t\t\t\t\t\t\t\t\t\t\t<span class=\"elementor-icon-list-icon\">\n\t\t\t\t\t\t\t<svg aria-hidden=\"true\" class=\"e-font-icon-svg e-fas-check-circle\" viewBox=\"0 0 512 512\" xmlns=\"http:\/\/www.w3.org\/2000\/svg\"><path d=\"M504 256c0 136.967-111.033 248-248 248S8 392.967 8 256 119.033 8 256 8s248 111.033 248 248zM227.314 387.314l184-184c6.248-6.248 6.248-16.379 0-22.627l-22.627-22.627c-6.248-6.249-16.379-6.249-22.628 0L216 308.118l-70.059-70.059c-6.248-6.248-16.379-6.248-22.628 0l-22.627 22.627c-6.248 6.248-6.248 16.379 0 22.627l104 104c6.249 6.249 16.379 6.249 22.628.001z\"><\/path><\/svg>\t\t\t\t\t\t<\/span>\n\t\t\t\t\t\t\t\t\t\t<span class=\"elementor-icon-list-text\">Sepahan Steel Atashgah D\u00f6k\u00fcmhanesi \u015eirketi, m\u00fc\u015fterilerinin ihtiya\u00e7 duydu\u011fu \u00fcr\u00fcnlerin h\u0131zl\u0131 ve y\u00fcksek kalitede \u00fcretilmesini sa\u011flamak amac\u0131yla entegre MIS (Y\u00f6netim Bilgi Sistemi) ve ERP (Kurumsal Kaynak Planlamas\u0131) sistemlerini uygulamaya koymu\u015ftur.<\/span>\n\t\t\t\t\t\t\t\t\t<\/li>\n\t\t\t\t\t\t<\/ul>\n\t\t\t\t\t\t<\/div>\n\t\t\t\t<\/div>\n\t\t\t\t<\/div>\n\t\t\r\n\t\t\t\t<div class=\"elementor-element elementor-element-606dca1 elementor-widget__width-initial elementor-widget elementor-widget-rs-testimonial-slider\" data-id=\"606dca1\" data-element_type=\"widget\" data-widget_type=\"rs-testimonial-slider.default\">\n\t\t\t\t<div class=\"elementor-widget-container\">\n\t\t\t\t\t\r\n    <div class=\"rsaddon-unique-slider\">\r\n        <div id=\"rsaddon-slick-slider-13550\" class=\"addon-slider-13550 rs-addon-slider rs-testimonial-slider style3 slick-dots- \">\r\n            \r\n                <div class=\"grid-item\">\r\n    <div class=\"testimonial-inner\">\r\n        <div class=\"quote_icon\">\r\n            <svg xmlns=\"http:\/\/www.w3.org\/2000\/svg\" width=\"40\" height=\"29\" viewBox=\"0 0 40 29\" fill=\"none\"><path opacity=\"0.2\" d=\"M2.85714 29H11.4286L17.1429 17.4V0H0V17.4H8.57143L2.85714 29ZM25.7143 29H34.2857L40 17.4V0H22.8571V17.4H31.4286L25.7143 29Z\" fill=\"white\"><\/path><\/svg>        <\/div>\r\n        \r\n        <div class=\"testi-card-bottom\">\r\n                            <div class=\"vendor-img\">\r\n                    <img decoding=\"async\" src=\"https:\/\/sfa-foundry.com\/wp-content\/uploads\/2025\/01\/003-scaled.jpg\" alt=\"\">\r\n                <\/div>\r\n                        <div class=\"content-part\">\r\n                                            <\/div>\r\n        <\/div>\r\n\r\n        <div class=\"description\">\r\n                    <\/div>\r\n\r\n        <div class=\"content-part-modify\">\r\n            <h5 class=\"name\"><\/h5>\r\n                            <div class=\"testi-separator\"><\/div>\r\n                        <div class=\"testi-designation\"><\/div>\r\n        <\/div>\r\n    <\/div>\r\n<\/div>\r\n            \r\n                <div class=\"grid-item\">\r\n    <div class=\"testimonial-inner\">\r\n        <div class=\"quote_icon\">\r\n            <svg xmlns=\"http:\/\/www.w3.org\/2000\/svg\" width=\"40\" height=\"29\" viewBox=\"0 0 40 29\" fill=\"none\"><path opacity=\"0.2\" d=\"M2.85714 29H11.4286L17.1429 17.4V0H0V17.4H8.57143L2.85714 29ZM25.7143 29H34.2857L40 17.4V0H22.8571V17.4H31.4286L25.7143 29Z\" fill=\"white\"><\/path><\/svg>        <\/div>\r\n        \r\n        <div class=\"testi-card-bottom\">\r\n                            <div class=\"vendor-img\">\r\n                    <img decoding=\"async\" src=\"https:\/\/sfa-foundry.com\/wp-content\/uploads\/2025\/01\/002-scaled.jpg\" alt=\"\">\r\n                <\/div>\r\n                        <div class=\"content-part\">\r\n                                            <\/div>\r\n        <\/div>\r\n\r\n        <div class=\"description\">\r\n                    <\/div>\r\n\r\n        <div class=\"content-part-modify\">\r\n            <h5 class=\"name\"><\/h5>\r\n                            <div class=\"testi-separator\"><\/div>\r\n                        <div class=\"testi-designation\"><\/div>\r\n        <\/div>\r\n    <\/div>\r\n<\/div>\r\n                    <\/div>\r\n        <div class=\"rsaddon-slider-conf wpsisac-hide\" data-conf=\"{&quot;slidesToShow&quot;:&quot;1&quot;,&quot;autoplaySpeed&quot;:3000,&quot;interval&quot;:3000,&quot;slidesToScroll&quot;:&quot;1&quot;,&quot;slider_autoplay&quot;:&quot;true&quot;,&quot;pauseOnHover&quot;:&quot;false&quot;,&quot;sliderDots&quot;:&quot;false&quot;,&quot;sliderNav&quot;:&quot;true&quot;,&quot;infinite&quot;:&quot;true&quot;,&quot;centerMode&quot;:&quot;false&quot;,&quot;col_lg&quot;:&quot;1&quot;,&quot;col_md&quot;:&quot;1&quot;,&quot;col_sm&quot;:&quot;1&quot;,&quot;col_xs&quot;:1,&quot;slider_centers_pad_xl&quot;:&quot;400px&quot;,&quot;slider_centers_pad_lg&quot;:&quot;250px&quot;,&quot;slider_centers_pad_md&quot;:&quot;100px&quot;,&quot;col_lg_2&quot;:&quot;1&quot;}\"><\/div>\r\n    <\/div>\r\n    <script type=\"text\/javascript\">\r\n        jQuery(document).ready(function() {\r\n            jQuery('.addon-slider-13550').each(function(index) {\r\n                var slider_id = jQuery(this).attr('id');\r\n                var slider_conf = jQuery.parseJSON(jQuery(this).closest('.rsaddon-unique-slider').find('.rsaddon-slider-conf').attr('data-conf'));\r\n\r\n                if (typeof(slider_id) != 'undefined' && slider_id != '') {\r\n                    jQuery('#' + slider_id).not('.slick-initialized').slick({\r\n                        slidesToShow: parseInt(slider_conf.col_lg),\r\n                        centerMode: (slider_conf.centerMode) == \"true\" ? true : false,\r\n                        dots: (slider_conf.sliderDots) == \"true\" ? true : false,\r\n                        arrows: (slider_conf.sliderNav) == \"true\" ? true : false,\r\n                        autoplay: (slider_conf.slider_autoplay) == \"true\" ? true : false,\r\n                        slidesToScroll: parseInt(slider_conf.slidesToScroll),\r\n                        centerPadding: slider_conf.slider_centers_pad_xl,\r\n                        autoplaySpeed: parseInt(slider_conf.autoplaySpeed),\r\n                        pauseOnHover: (slider_conf.pauseOnHover) == \"true\" ? true : false,\r\n                        infinite: (slider_conf.infinite) == \"true\" ? true : false,\r\n                        rtl: false,\r\n                        responsive: [{\r\n                                breakpoint: 1200,\r\n                                settings: {\r\n                                    slidesToShow: parseInt(slider_conf.col_md),\r\n                                    slidesToScroll: 1,\r\n                                }\r\n                            },\r\n                            {\r\n                                breakpoint: 1199,\r\n                                settings: {\r\n                                    slidesToShow: parseInt(slider_conf.col_lg_2),\r\n                                    centerPadding: slider_conf.slider_centers_pad_xl,\r\n                                }\r\n                            },\r\n                            {\r\n                                breakpoint: 992,\r\n                                settings: {\r\n                                    slidesToShow: parseInt(slider_conf.col_sm),\r\n                                    slidesToScroll: 1,\r\n                                    centerPadding: slider_conf.slider_centers_pad_lg,\r\n                                }\r\n                            },\r\n                            {\r\n                                breakpoint: 768,\r\n                                settings: {\r\n                                    arrows: false,\r\n                                    slidesToShow: parseInt(slider_conf.col_xs),\r\n                                    slidesToScroll: 1,\r\n                                    centerPadding: slider_conf.slider_centers_pad_md,\r\n                                }\r\n                            },\r\n                            {\r\n                                breakpoint: 600,\r\n                                settings: {\r\n                                    slidesToShow: 1,\r\n                                    arrows: false,\r\n                                    slidesToScroll: 1,\r\n                                    centerPadding: '0px',\r\n                                }\r\n                            }\r\n                        ]\r\n                    });\r\n                }\r\n\r\n            });\r\n\r\n            \/\/ Check if the slider element exists\r\n\r\n        });\r\n    <\/script>\r\n\t\t\t\t<\/div>\n\t\t\t\t<\/div>\n\t\t\t\t\t<\/div>\n\t\t\t\t<\/div>\n\t\t\t\t<\/div>\n\t\t","protected":false},"excerpt":{"rendered":"<p>Kalite Y\u00f6netimi Sepahan Foolad Atashgah D\u00f6k\u00fcm Sanayi (SFA) \u015eirketin kalite y\u00f6netim sistemi, uluslararas\u0131 kalite standartlar\u0131na uygun olarak organizasyonun t\u00fcm alanlar\u0131nda planlama, organizasyon, y\u00f6nlendirme ve kontrol s\u00fcre\u00e7lerini i\u00e7erir. Bu \u06a9\u06cc\u0641\u06cc\u062a, \u00fcr\u00fcn\u00fcn uluslararas\u0131 standartlara uygun \u00fcretimini sa\u011flamakta ve nihayetinde m\u00fc\u015fteri ihtiya\u00e7lar\u0131n\u0131 kar\u015f\u0131lamaktad\u0131r. Sepahan Steel Atashgah Foundry Company, d\u00f6k\u00fcm \u00fcr\u00fcnlerinin lider \u00fcreticisi olarak kaliteli ve g\u00fcvenilir \u00fcr\u00fcn tedarikini&#8230;<\/p>\n","protected":false},"author":1,"featured_media":0,"parent":0,"menu_order":0,"comment_status":"closed","ping_status":"closed","template":"elementor_header_footer","meta":{"footnotes":""},"class_list":["post-34531","page","type-page","status-publish","hentry"],"yoast_head":"<!-- This site is optimized with the Yoast SEO plugin v25.7 - https:\/\/yoast.com\/wordpress\/plugins\/seo\/ -->\n<title>Kalite Y\u00f6netimi - Sepahan Foolad Atashgah Foundry Industries Company<\/title>\n<meta name=\"robots\" content=\"index, follow, max-snippet:-1, max-image-preview:large, max-video-preview:-1\" \/>\n<link rel=\"canonical\" href=\"https:\/\/sfa-foundry.com\/quality-management\/\" \/>\n<meta property=\"og:locale\" content=\"tr_TR\" \/>\n<meta property=\"og:type\" content=\"article\" \/>\n<meta property=\"og:title\" content=\"Kalite Y\u00f6netimi - Sepahan Foolad Atashgah Foundry Industries Company\" \/>\n<meta property=\"og:description\" content=\"Kalite Y\u00f6netimi Sepahan Foolad Atashgah D\u00f6k\u00fcm Sanayi (SFA) \u015eirketin kalite y\u00f6netim sistemi, uluslararas\u0131 kalite standartlar\u0131na uygun olarak organizasyonun t\u00fcm alanlar\u0131nda planlama, organizasyon, y\u00f6nlendirme ve kontrol s\u00fcre\u00e7lerini i\u00e7erir. Bu \u06a9\u06cc\u0641\u06cc\u062a, \u00fcr\u00fcn\u00fcn uluslararas\u0131 standartlara uygun \u00fcretimini sa\u011flamakta ve nihayetinde m\u00fc\u015fteri ihtiya\u00e7lar\u0131n\u0131 kar\u015f\u0131lamaktad\u0131r. Sepahan Steel Atashgah Foundry Company, d\u00f6k\u00fcm \u00fcr\u00fcnlerinin lider \u00fcreticisi olarak kaliteli ve g\u00fcvenilir \u00fcr\u00fcn tedarikini...\" \/>\n<meta property=\"og:url\" content=\"https:\/\/sfa-foundry.com\/quality-management\/\" \/>\n<meta property=\"og:site_name\" content=\"Sepahan Foolad Atashgah Foundry Industries Company\" \/>\n<meta property=\"article:modified_time\" content=\"2025-05-03T07:37:13+00:00\" \/>\n<meta property=\"og:image\" content=\"https:\/\/sfa-foundry.com\/wp-content\/uploads\/2025\/01\/003-scaled.jpg\" \/>\n<meta name=\"twitter:card\" content=\"summary_large_image\" \/>\n<meta name=\"twitter:label1\" content=\"Tahmini okuma s\u00fcresi\" \/>\n\t<meta name=\"twitter:data1\" content=\"1 dakika\" \/>\n<script type=\"application\/ld+json\" class=\"yoast-schema-graph\">{\"@context\":\"https:\/\/schema.org\",\"@graph\":[{\"@type\":\"WebPage\",\"@id\":\"https:\/\/sfa-foundry.com\/quality-management\/\",\"url\":\"https:\/\/sfa-foundry.com\/quality-management\/\",\"name\":\"Kalite Y\u00f6netimi - Sepahan Foolad Atashgah Foundry Industries Company\",\"isPartOf\":{\"@id\":\"https:\/\/sfa-foundry.com\/#website\"},\"primaryImageOfPage\":{\"@id\":\"https:\/\/sfa-foundry.com\/quality-management\/#primaryimage\"},\"image\":{\"@id\":\"https:\/\/sfa-foundry.com\/quality-management\/#primaryimage\"},\"thumbnailUrl\":\"https:\/\/sfa-foundry.com\/wp-content\/uploads\/2025\/01\/003-scaled.jpg\",\"datePublished\":\"2025-02-08T20:44:35+00:00\",\"dateModified\":\"2025-05-03T07:37:13+00:00\",\"breadcrumb\":{\"@id\":\"https:\/\/sfa-foundry.com\/quality-management\/#breadcrumb\"},\"inLanguage\":\"tr\",\"potentialAction\":[{\"@type\":\"ReadAction\",\"target\":[\"https:\/\/sfa-foundry.com\/quality-management\/\"]}]},{\"@type\":\"ImageObject\",\"inLanguage\":\"tr\",\"@id\":\"https:\/\/sfa-foundry.com\/quality-management\/#primaryimage\",\"url\":\"https:\/\/sfa-foundry.com\/wp-content\/uploads\/2025\/01\/003-scaled.jpg\",\"contentUrl\":\"https:\/\/sfa-foundry.com\/wp-content\/uploads\/2025\/01\/003-scaled.jpg\"},{\"@type\":\"BreadcrumbList\",\"@id\":\"https:\/\/sfa-foundry.com\/quality-management\/#breadcrumb\",\"itemListElement\":[{\"@type\":\"ListItem\",\"position\":1,\"name\":\"\u062e\u0627\u0646\u0647\",\"item\":\"https:\/\/sfa-foundry.com\/\"},{\"@type\":\"ListItem\",\"position\":2,\"name\":\"Kalite Y\u00f6netimi\"}]},{\"@type\":\"WebSite\",\"@id\":\"https:\/\/sfa-foundry.com\/#website\",\"url\":\"https:\/\/sfa-foundry.com\/\",\"name\":\"\u0634\u0631\u06a9\u062a \u0635\u0646\u0627\u06cc\u0639 \u0631\u06cc\u062e\u062a\u0647\u200c\u06af\u0631\u06cc \u0633\u067e\u0627\u0647\u0627\u0646 \u0641\u0648\u0644\u0627\u062f \u0622\u062a\u0634\u06af\u0627\u0647\",\"description\":\"Sepahan Steel Casting Industries Company was established in 1989 as a private joint stock company with the aim of casting various types of steel and cast iron. With more than three decades of continuous activity, it is now considered one of the leading casting companies.\",\"publisher\":{\"@id\":\"https:\/\/sfa-foundry.com\/#organization\"},\"potentialAction\":[{\"@type\":\"SearchAction\",\"target\":{\"@type\":\"EntryPoint\",\"urlTemplate\":\"https:\/\/sfa-foundry.com\/?s={search_term_string}\"},\"query-input\":{\"@type\":\"PropertyValueSpecification\",\"valueRequired\":true,\"valueName\":\"search_term_string\"}}],\"inLanguage\":\"tr\"},{\"@type\":\"Organization\",\"@id\":\"https:\/\/sfa-foundry.com\/#organization\",\"name\":\"\u0634\u0631\u06a9\u062a \u0635\u0646\u0627\u06cc\u0639 \u0631\u06cc\u062e\u062a\u0647\u200c\u06af\u0631\u06cc \u0633\u067e\u0627\u0647\u0627\u0646 \u0641\u0648\u0644\u0627\u062f \u0622\u062a\u0634\u06af\u0627\u0647\",\"url\":\"https:\/\/sfa-foundry.com\/\",\"logo\":{\"@type\":\"ImageObject\",\"inLanguage\":\"tr\",\"@id\":\"https:\/\/sfa-foundry.com\/#\/schema\/logo\/image\/\",\"url\":\"https:\/\/sfa-foundry.com\/wp-content\/uploads\/2024\/03\/cropped-\u0644\u0648\u06af\u0648-1.png\",\"contentUrl\":\"https:\/\/sfa-foundry.com\/wp-content\/uploads\/2024\/03\/cropped-\u0644\u0648\u06af\u0648-1.png\",\"width\":500,\"height\":500,\"caption\":\"\u0634\u0631\u06a9\u062a \u0635\u0646\u0627\u06cc\u0639 \u0631\u06cc\u062e\u062a\u0647\u200c\u06af\u0631\u06cc \u0633\u067e\u0627\u0647\u0627\u0646 \u0641\u0648\u0644\u0627\u062f \u0622\u062a\u0634\u06af\u0627\u0647\"},\"image\":{\"@id\":\"https:\/\/sfa-foundry.com\/#\/schema\/logo\/image\/\"}}]}<\/script>\n<!-- \/ Yoast SEO plugin. -->","yoast_head_json":{"title":"Kalite Y\u00f6netimi - Sepahan Foolad Atashgah Foundry Industries Company","robots":{"index":"index","follow":"follow","max-snippet":"max-snippet:-1","max-image-preview":"max-image-preview:large","max-video-preview":"max-video-preview:-1"},"canonical":"https:\/\/sfa-foundry.com\/quality-management\/","og_locale":"tr_TR","og_type":"article","og_title":"Kalite Y\u00f6netimi - Sepahan Foolad Atashgah Foundry Industries Company","og_description":"Kalite Y\u00f6netimi Sepahan Foolad Atashgah D\u00f6k\u00fcm Sanayi (SFA) \u015eirketin kalite y\u00f6netim sistemi, uluslararas\u0131 kalite standartlar\u0131na uygun olarak organizasyonun t\u00fcm alanlar\u0131nda planlama, organizasyon, y\u00f6nlendirme ve kontrol s\u00fcre\u00e7lerini i\u00e7erir. Bu \u06a9\u06cc\u0641\u06cc\u062a, \u00fcr\u00fcn\u00fcn uluslararas\u0131 standartlara uygun \u00fcretimini sa\u011flamakta ve nihayetinde m\u00fc\u015fteri ihtiya\u00e7lar\u0131n\u0131 kar\u015f\u0131lamaktad\u0131r. Sepahan Steel Atashgah Foundry Company, d\u00f6k\u00fcm \u00fcr\u00fcnlerinin lider \u00fcreticisi olarak kaliteli ve g\u00fcvenilir \u00fcr\u00fcn tedarikini...","og_url":"https:\/\/sfa-foundry.com\/quality-management\/","og_site_name":"Sepahan Foolad Atashgah Foundry Industries Company","article_modified_time":"2025-05-03T07:37:13+00:00","og_image":[{"url":"https:\/\/sfa-foundry.com\/wp-content\/uploads\/2025\/01\/003-scaled.jpg","type":"","width":"","height":""}],"twitter_card":"summary_large_image","twitter_misc":{"Tahmini okuma s\u00fcresi":"1 dakika"},"schema":{"@context":"https:\/\/schema.org","@graph":[{"@type":"WebPage","@id":"https:\/\/sfa-foundry.com\/quality-management\/","url":"https:\/\/sfa-foundry.com\/quality-management\/","name":"Kalite Y\u00f6netimi - Sepahan Foolad Atashgah Foundry Industries Company","isPartOf":{"@id":"https:\/\/sfa-foundry.com\/#website"},"primaryImageOfPage":{"@id":"https:\/\/sfa-foundry.com\/quality-management\/#primaryimage"},"image":{"@id":"https:\/\/sfa-foundry.com\/quality-management\/#primaryimage"},"thumbnailUrl":"https:\/\/sfa-foundry.com\/wp-content\/uploads\/2025\/01\/003-scaled.jpg","datePublished":"2025-02-08T20:44:35+00:00","dateModified":"2025-05-03T07:37:13+00:00","breadcrumb":{"@id":"https:\/\/sfa-foundry.com\/quality-management\/#breadcrumb"},"inLanguage":"tr","potentialAction":[{"@type":"ReadAction","target":["https:\/\/sfa-foundry.com\/quality-management\/"]}]},{"@type":"ImageObject","inLanguage":"tr","@id":"https:\/\/sfa-foundry.com\/quality-management\/#primaryimage","url":"https:\/\/sfa-foundry.com\/wp-content\/uploads\/2025\/01\/003-scaled.jpg","contentUrl":"https:\/\/sfa-foundry.com\/wp-content\/uploads\/2025\/01\/003-scaled.jpg"},{"@type":"BreadcrumbList","@id":"https:\/\/sfa-foundry.com\/quality-management\/#breadcrumb","itemListElement":[{"@type":"ListItem","position":1,"name":"\u062e\u0627\u0646\u0647","item":"https:\/\/sfa-foundry.com\/"},{"@type":"ListItem","position":2,"name":"Kalite Y\u00f6netimi"}]},{"@type":"WebSite","@id":"https:\/\/sfa-foundry.com\/#website","url":"https:\/\/sfa-foundry.com\/","name":"\u0634\u0631\u06a9\u062a \u0635\u0646\u0627\u06cc\u0639 \u0631\u06cc\u062e\u062a\u0647\u200c\u06af\u0631\u06cc \u0633\u067e\u0627\u0647\u0627\u0646 \u0641\u0648\u0644\u0627\u062f \u0622\u062a\u0634\u06af\u0627\u0647","description":"Sepahan Steel Casting Industries Company was established in 1989 as a private joint stock company with the aim of casting various types of steel and cast iron. With more than three decades of continuous activity, it is now considered one of the leading casting companies.","publisher":{"@id":"https:\/\/sfa-foundry.com\/#organization"},"potentialAction":[{"@type":"SearchAction","target":{"@type":"EntryPoint","urlTemplate":"https:\/\/sfa-foundry.com\/?s={search_term_string}"},"query-input":{"@type":"PropertyValueSpecification","valueRequired":true,"valueName":"search_term_string"}}],"inLanguage":"tr"},{"@type":"Organization","@id":"https:\/\/sfa-foundry.com\/#organization","name":"\u0634\u0631\u06a9\u062a \u0635\u0646\u0627\u06cc\u0639 \u0631\u06cc\u062e\u062a\u0647\u200c\u06af\u0631\u06cc \u0633\u067e\u0627\u0647\u0627\u0646 \u0641\u0648\u0644\u0627\u062f \u0622\u062a\u0634\u06af\u0627\u0647","url":"https:\/\/sfa-foundry.com\/","logo":{"@type":"ImageObject","inLanguage":"tr","@id":"https:\/\/sfa-foundry.com\/#\/schema\/logo\/image\/","url":"https:\/\/sfa-foundry.com\/wp-content\/uploads\/2024\/03\/cropped-\u0644\u0648\u06af\u0648-1.png","contentUrl":"https:\/\/sfa-foundry.com\/wp-content\/uploads\/2024\/03\/cropped-\u0644\u0648\u06af\u0648-1.png","width":500,"height":500,"caption":"\u0634\u0631\u06a9\u062a \u0635\u0646\u0627\u06cc\u0639 \u0631\u06cc\u062e\u062a\u0647\u200c\u06af\u0631\u06cc \u0633\u067e\u0627\u0647\u0627\u0646 \u0641\u0648\u0644\u0627\u062f \u0622\u062a\u0634\u06af\u0627\u0647"},"image":{"@id":"https:\/\/sfa-foundry.com\/#\/schema\/logo\/image\/"}}]}},"_links":{"self":[{"href":"https:\/\/sfa-foundry.com\/tr\/wp-json\/wp\/v2\/pages\/34531","targetHints":{"allow":["GET"]}}],"collection":[{"href":"https:\/\/sfa-foundry.com\/tr\/wp-json\/wp\/v2\/pages"}],"about":[{"href":"https:\/\/sfa-foundry.com\/tr\/wp-json\/wp\/v2\/types\/page"}],"author":[{"embeddable":true,"href":"https:\/\/sfa-foundry.com\/tr\/wp-json\/wp\/v2\/users\/1"}],"replies":[{"embeddable":true,"href":"https:\/\/sfa-foundry.com\/tr\/wp-json\/wp\/v2\/comments?post=34531"}],"version-history":[{"count":0,"href":"https:\/\/sfa-foundry.com\/tr\/wp-json\/wp\/v2\/pages\/34531\/revisions"}],"wp:attachment":[{"href":"https:\/\/sfa-foundry.com\/tr\/wp-json\/wp\/v2\/media?parent=34531"}],"curies":[{"name":"wp","href":"https:\/\/api.w.org\/{rel}","templated":true}]}}